{"id":4703,"date":"2024-01-08T09:38:02","date_gmt":"2024-01-08T09:38:02","guid":{"rendered":"https:\/\/viralstudios.es\/?page_id=4703"},"modified":"2024-01-08T09:38:03","modified_gmt":"2024-01-08T09:38:03","slug":"miss4health","status":"publish","type":"page","link":"https:\/\/viralstudios.es\/init\/miss4health\/","title":{"rendered":"MISS4health"},"content":{"rendered":"\n<figure class=\"wp-block-image aligncenter size-large\"><img decoding=\"async\" src=\"https:\/\/www.uhk.cz\/variant\/resize-wysiwyg\/681\/fakulta-informatiky-a-managementu\/veda-a-vyzkum\/vav-projekty\/projekty\/miss4health.jpg\" alt=\"\"\/><\/figure>\n\n\n\n<p class=\"has-text-align-center\"><strong>Micro-credentials in Soft Skills for Healthcare Professionals and Students<\/strong><\/p>\n\n\n\n<p><strong>Project Annotation:&nbsp;<\/strong><\/p>\n\n\n\n<p>The objective of MISS4Health project is to improve competences in soft skills for healthcare professionals and students using a&nbsp;modular Massive Open Online Course (MOOC) based on micro-credentials at the EU level that certifies these competences. MISS4Health includes four work packages covering curricular design, content creation, micro-credentials establishment and interactive resources implementation, as well as a&nbsp;double loop validation that assures the overall quality of the MOOC. Additionally, management, quality, dissemination, and sustainability plans will conduct the project and contribute to its widespread impact. And finally, several intangible results will be obtained, such as feedback and motivation of end-users and stakeholders.<\/p>\n\n\n\n<p><strong>Project ID:&nbsp;2023-1-CZ01-KA220-HED-000159335<\/strong><\/p>\n\n\n\n<p><strong>Project Webpages:&nbsp;<\/strong><a href=\"https:\/\/miss4health.eu\/\" target=\"_blank\" rel=\"noreferrer noopener\">MISS4Health web<\/a><\/p>\n\n\n\n<p><strong>Project Coordinator:<\/strong>&nbsp;UHK &#8211; University of Hradec Kr\u00e1lov\u00e9 (Czech Republic)<\/p>\n\n\n\n<p><strong>Project Partners:<\/strong><\/p>\n\n\n\n<p>VIRAL Studios (Spain)<\/p>\n\n\n\n<p>CCMIJU &#8211; Centro de Cirug\u00eda de M\u00ednima Invasi\u00f3n Jes\u00fas Us\u00f3n (Spain)<\/p>\n\n\n\n<p>CUNI &#8211; Charles University (Czech Republic)<\/p>\n\n\n\n<p>VMU &#8211; Vytautas Magnus University (Lithuania)<\/p>\n\n\n\n<p>TU &#8211; Turiba University (Latvia)<\/p>\n\n\n\n<p>UNIRI &#8211; University of Rijeka (Croatia)<\/p>\n\n\n\n<p><strong>Project Period:&nbsp;<\/strong>11\/2023 &#8211; 04\/2026<\/p>\n\n\n\n<figure class=\"wp-block-gallery has-nested-images columns-default is-cropped wp-block-gallery-1 is-layout-flex wp-block-gallery-is-layout-flex\">\n<figure class=\"wp-block-image aligncenter size-large\"><a href=\"https:\/\/viralstudios.es\/wp-content\/uploads\/2024\/01\/17-214901-469.png\"><img loading=\"lazy\" decoding=\"async\" width=\"1024\" height=\"212\" data-id=\"4706\" src=\"https:\/\/viralstudios.es\/wp-content\/uploads\/2024\/01\/17-214901-469.png\" alt=\"\" class=\"wp-image-4706\" srcset=\"https:\/\/viralstudios.es\/wp-content\/uploads\/2024\/01\/17-214901-469.png 1024w, https:\/\/viralstudios.es\/wp-content\/uploads\/2024\/01\/17-214901-469-300x62.png 300w, https:\/\/viralstudios.es\/wp-content\/uploads\/2024\/01\/17-214901-469-768x159.png 768w\" sizes=\"auto, (max-width: 1024px) 100vw, 1024px\" \/><\/a><\/figure>\n<\/figure>\n","protected":false},"excerpt":{"rendered":"<p>Micro-credentials in Soft Skills for Healthcare Professionals and Students Project Annotation:&nbsp; The objective of MISS4Health project is to improve competences in soft skills for healthcare professionals and students using a&nbsp;modular Massive Open Online Course (MOOC) based on micro-credentials at the EU level that certifies these competences. MISS4Health includes four work packages covering curricular design, content [&hellip;]<\/p>\n","protected":false},"author":1,"featured_media":0,"parent":0,"menu_order":0,"comment_status":"closed","ping_status":"closed","template":"","meta":{"footnotes":""},"class_list":["post-4703","page","type-page","status-publish","hentry"],"_links":{"self":[{"href":"https:\/\/viralstudios.es\/init\/wp-json\/wp\/v2\/pages\/4703","targetHints":{"allow":["GET"]}}],"collection":[{"href":"https:\/\/viralstudios.es\/init\/wp-json\/wp\/v2\/pages"}],"about":[{"href":"https:\/\/viralstudios.es\/init\/wp-json\/wp\/v2\/types\/page"}],"author":[{"embeddable":true,"href":"https:\/\/viralstudios.es\/init\/wp-json\/wp\/v2\/users\/1"}],"replies":[{"embeddable":true,"href":"https:\/\/viralstudios.es\/init\/wp-json\/wp\/v2\/comments?post=4703"}],"version-history":[{"count":3,"href":"https:\/\/viralstudios.es\/init\/wp-json\/wp\/v2\/pages\/4703\/revisions"}],"predecessor-version":[{"id":4707,"href":"https:\/\/viralstudios.es\/init\/wp-json\/wp\/v2\/pages\/4703\/revisions\/4707"}],"wp:attachment":[{"href":"https:\/\/viralstudios.es\/init\/wp-json\/wp\/v2\/media?parent=4703"}],"curies":[{"name":"wp","href":"https:\/\/api.w.org\/{rel}","templated":true}]}}