{"id":4716,"date":"2025-06-04T16:50:43","date_gmt":"2025-06-04T16:50:43","guid":{"rendered":"https:\/\/viralstudios.es\/?page_id=4716"},"modified":"2025-12-04T08:49:45","modified_gmt":"2025-12-04T08:49:45","slug":"home","status":"publish","type":"page","link":"https:\/\/viralstudios.es\/init\/home\/","title":{"rendered":""},"content":{"rendered":"\n<div class=\"wp-block-group alignfull is-layout-flow wp-block-group-is-layout-flow\">\n<div class=\"wp-block-group alignfull has-global-padding is-layout-constrained wp-container-core-group-is-layout-b816a7e6 wp-block-group-is-layout-constrained\" style=\"padding-top:var(--wp--preset--spacing--superbspacing-xxlarge);padding-right:var(--wp--preset--spacing--superbspacing-small);padding-bottom:120px;padding-left:var(--wp--preset--spacing--superbspacing-small)\">\n<figure class=\"wp-block-image aligncenter size-full\"><a href=\"https:\/\/viralstudios.es\/wp-content\/uploads\/2025\/06\/Logo-Blanco-Color.png\"><img loading=\"lazy\" decoding=\"async\" width=\"435\" height=\"493\" src=\"https:\/\/viralstudios.es\/wp-content\/uploads\/2025\/06\/Logo-Blanco-Color.png\" alt=\"\" class=\"wp-image-4713\"\/><\/a><\/figure>\n\n\n\n<div class=\"wp-block-group alignwide is-vertical is-content-justification-center is-layout-flex wp-container-core-group-is-layout-4c120eef wp-block-group-is-layout-flex\">\n<h2 class=\"wp-block-heading has-text-align-center has-contrast-color has-text-color has-superbfont-xlarge-font-size\">Somos VIRAL STUDIOS<\/h2>\n\n\n\n<p class=\"has-text-align-left has-secondary-color has-text-color has-superbfont-medium-font-size\">Viral Studios es una empresa innovadora con 8 a\u00f1os de experiencia especializada en el desarrollo de videojuegos, realidad virtual, aumentada y serious games.<\/p>\n<\/div>\n\n\n\n<div class=\"wp-block-buttons alignwide is-content-justification-center is-layout-flex wp-container-core-buttons-is-layout-f61863dc wp-block-buttons-is-layout-flex\">\n<div class=\"wp-block-button\"><a class=\"wp-block-button__link has-superbfont-small-font-size has-custom-font-size wp-element-button\" href=\"https:\/\/viralstudios.es\/init\/home\/contact\/\">Contacto<\/a><\/div>\n<\/div>\n<\/div>\n<\/div>\n\n\n\n<div class=\"wp-block-group alignfull column-parent-border-radius has-global-padding is-layout-constrained wp-container-core-group-is-layout-87cc3397 wp-block-group-is-layout-constrained\" style=\"margin-top:0;margin-bottom:0;padding-top:var(--wp--preset--spacing--superbspacing-xlarge);padding-right:var(--wp--preset--spacing--superbspacing-small);padding-bottom:var(--wp--preset--spacing--superbspacing-xlarge);padding-left:var(--wp--preset--spacing--superbspacing-small)\">\n<div class=\"wp-block-group alignwide has-global-padding is-layout-constrained wp-container-core-group-is-layout-e52907a5 wp-block-group-is-layout-constrained\">\n<h3 class=\"wp-block-heading has-text-align-center has-primary-color has-text-color has-superbfont-small-font-size\">Servicios<\/h3>\n\n\n\n<h2 class=\"wp-block-heading has-text-align-center has-contrast-color has-text-color has-superbfont-xlarge-font-size\">\u00bfQu\u00e9 hacemos?<\/h2>\n\n\n\n<p class=\"has-text-align-center has-mono-2-color has-text-color has-superbfont-small-font-size\">Nos dedicamos al desarrollo integral de videojuegos y experiencias interactivas y ofrecemos servicios de outsourcing en arte y programaci\u00f3n<\/p>\n<\/div>\n\n\n\n<div class=\"wp-block-columns is-layout-flex wp-container-core-columns-is-layout-28f84493 wp-block-columns-is-layout-flex\">\n<div class=\"wp-block-column has-mono-4-background-color has-background is-layout-flow wp-block-column-is-layout-flow\" style=\"padding-top:var(--wp--preset--spacing--superbspacing-small);padding-right:var(--wp--preset--spacing--superbspacing-small);padding-bottom:var(--wp--preset--spacing--superbspacing-small);padding-left:var(--wp--preset--spacing--superbspacing-small)\">\n<figure class=\"wp-block-image aligncenter size-full is-resized\"><img decoding=\"async\" src=\"https:\/\/viralstudios.es\/wp-content\/themes\/digitalis-one\/inc\/superbthemes-info-content\/icons\/img-icon-6.png\" alt=\"\" style=\"object-fit:cover;width:48px;height:48px\"\/><\/figure>\n\n\n\n<h3 class=\"wp-block-heading has-text-align-center has-mono-1-color has-text-color has-link-color has-superbfont-medium-font-size wp-elements-19fb0439935fed467d1dfc72d1fe641c\" style=\"margin-top:0;margin-bottom:0\">Game Development<\/h3>\n\n\n\n<p class=\"has-text-align-center has-mono-2-color has-text-color has-superbfont-xsmall-font-size\" style=\"margin-top:var(--wp--preset--spacing--superbspacing-xxsmall);margin-bottom:0\">Creamos videojuegos desde su concepci\u00f3n hasta su lanzamiento, tanto dentro del estudio como para terceros.<\/p>\n<\/div>\n\n\n\n<div class=\"wp-block-column has-mono-4-background-color has-background is-layout-flow wp-block-column-is-layout-flow\" style=\"padding-top:var(--wp--preset--spacing--superbspacing-small);padding-right:var(--wp--preset--spacing--superbspacing-small);padding-bottom:var(--wp--preset--spacing--superbspacing-small);padding-left:var(--wp--preset--spacing--superbspacing-small)\">\n<figure class=\"wp-block-image aligncenter size-full is-resized\"><img decoding=\"async\" src=\"https:\/\/viralstudios.es\/wp-content\/themes\/digitalis-one\/inc\/superbthemes-info-content\/icons\/img-icon-5.png\" alt=\"\" style=\"object-fit:cover;width:52px;height:auto\"\/><\/figure>\n\n\n\n<h3 class=\"wp-block-heading has-text-align-center has-mono-1-color has-text-color has-link-color has-superbfont-medium-font-size wp-elements-bccb734b66726ce9d2c07d9e97f5cf1c\" style=\"margin-top:0;margin-bottom:0\">Serious Games<\/h3>\n\n\n\n<p class=\"has-text-align-center has-mono-2-color has-text-color has-superbfont-xsmall-font-size\" style=\"margin-top:var(--wp--preset--spacing--superbspacing-xxsmall);margin-bottom:0\">Creamos experiencias gamificadas tanto para el \u00e1mbito educativo como el promocional.<\/p>\n<\/div>\n\n\n\n<div class=\"wp-block-column has-mono-4-background-color has-background is-layout-flow wp-block-column-is-layout-flow\" style=\"padding-top:var(--wp--preset--spacing--superbspacing-small);padding-right:var(--wp--preset--spacing--superbspacing-small);padding-bottom:var(--wp--preset--spacing--superbspacing-small);padding-left:var(--wp--preset--spacing--superbspacing-small)\">\n<figure class=\"wp-block-image aligncenter size-full is-resized\"><img decoding=\"async\" src=\"https:\/\/viralstudios.es\/wp-content\/themes\/digitalis-one\/inc\/superbthemes-info-content\/icons\/img-icon-7.png\" alt=\"\" style=\"object-fit:cover;width:48px;height:48px\"\/><\/figure>\n\n\n\n<h3 class=\"wp-block-heading has-text-align-center has-mono-1-color has-text-color has-superbfont-medium-font-size\" style=\"margin-top:0;margin-bottom:0\">Outsourcing<\/h3>\n\n\n\n<p class=\"has-text-align-center has-mono-2-color has-text-color has-superbfont-xsmall-font-size\" style=\"margin-top:var(--wp--preset--spacing--superbspacing-xxsmall);margin-bottom:0\">Ofrecemos nuestro talento a otros desarrolladores para ayudarles a crear sus propios juegos y experiencias. <\/p>\n<\/div>\n<\/div>\n<\/div>\n\n\n\n<div class=\"wp-block-group alignfull column-parent-border-radius has-global-padding is-layout-constrained wp-container-core-group-is-layout-4ac41a70 wp-block-group-is-layout-constrained\" style=\"margin-top:0;margin-bottom:0;padding-top:var(--wp--preset--spacing--superbspacing-xlarge);padding-right:var(--wp--preset--spacing--superbspacing-small);padding-bottom:var(--wp--preset--spacing--superbspacing-small);padding-left:var(--wp--preset--spacing--superbspacing-small)\">\n<div class=\"wp-block-group has-mono-4-background-color has-background has-global-padding is-layout-constrained wp-container-core-group-is-layout-fd644edd wp-block-group-is-layout-constrained\" style=\"margin-top:var(--wp--preset--spacing--superbspacing-small);margin-bottom:var(--wp--preset--spacing--superbspacing-small);padding-top:var(--wp--preset--spacing--superbspacing-small);padding-right:var(--wp--preset--spacing--superbspacing-medium);padding-bottom:var(--wp--preset--spacing--superbspacing-small);padding-left:var(--wp--preset--spacing--superbspacing-medium)\">\n<h1 class=\"wp-block-heading has-text-align-left has-mono-1-color has-text-color has-link-color has-superbfont-large-font-size\">LETHAL HONOR: Order of the Apocalypse<\/h1>\n\n\n\n<figure class=\"wp-block-image aligncenter size-full is-resized\"><a href=\"https:\/\/viralstudios.es\/wp-content\/uploads\/2025\/06\/LH_Banner_1.png\"><img loading=\"lazy\" decoding=\"async\" width=\"1075\" height=\"721\" src=\"https:\/\/viralstudios.es\/wp-content\/uploads\/2025\/06\/LH_Banner_1.png\" alt=\"\" class=\"wp-image-4721\" style=\"width:466px;height:auto\"\/><\/a><\/figure>\n\n\n\n<div class=\"wp-block-group is-nowrap is-layout-flex wp-container-core-group-is-layout-6c531013 wp-block-group-is-layout-flex\">\n<p class=\"has-text-align-left has-contrast-dark-color has-text-color has-superbfont-xsmall-font-size\" style=\"margin-top:var(--wp--preset--spacing--superbspacing-xxsmall);margin-bottom:0\">Lethal Honor: Order of the Apocalypse es un brutal, oscuro y desafiante roguelike de acci\u00f3n y aventuras con una atm\u00f3sfera oscura y siniestra y estilo visual de novela gr\u00e1fica g\u00f3tica pintada a mano. En un mundo al borde de la aniquilaci\u00f3n, los agentes de Lethal Honor son la \u00faltima l\u00ednea de defensa que protege a la humanidad de los demonios que buscan invadir el mundo.<\/p>\n<\/div>\n<\/div>\n\n\n\n<div class=\"wp-block-group has-mono-4-background-color has-background has-global-padding is-layout-constrained wp-container-core-group-is-layout-fd644edd wp-block-group-is-layout-constrained\" style=\"margin-top:var(--wp--preset--spacing--superbspacing-small);margin-bottom:var(--wp--preset--spacing--superbspacing-small);padding-top:var(--wp--preset--spacing--superbspacing-small);padding-right:var(--wp--preset--spacing--superbspacing-medium);padding-bottom:var(--wp--preset--spacing--superbspacing-small);padding-left:var(--wp--preset--spacing--superbspacing-medium)\">\n<h1 class=\"wp-block-heading has-text-align-left has-mono-1-color has-text-color has-link-color has-superbfont-large-font-size\">Market VR<\/h1>\n\n\n\n<figure class=\"wp-block-image aligncenter size-full is-resized\"><a href=\"https:\/\/viralstudios.es\/wp-content\/uploads\/2025\/06\/Captura-de-pantalla-2025-06-04-181511.png\"><img loading=\"lazy\" decoding=\"async\" width=\"1337\" height=\"840\" src=\"https:\/\/viralstudios.es\/wp-content\/uploads\/2025\/06\/Captura-de-pantalla-2025-06-04-181511.png\" alt=\"\" class=\"wp-image-4724\" style=\"width:480px;height:auto\"\/><\/a><\/figure>\n\n\n\n<div class=\"wp-block-group is-nowrap is-layout-flex wp-container-core-group-is-layout-6c531013 wp-block-group-is-layout-flex\">\n<p class=\"has-text-align-left has-contrast-dark-color has-text-color has-superbfont-xsmall-font-size\" style=\"margin-top:var(--wp--preset--spacing--superbspacing-xxsmall);margin-bottom:0\">Market VR es una aplicaci\u00f3n de aprendizaje en el cual el usuario lleva a cabo tareas relacionadas con la gesti\u00f3n diaria de un supermercado a trav\u00e9s de una interfaz de realidad virtual. El usuario puede llevar a cabo tareas de reposici\u00f3n, chequeo de inventario o atender pedidos online, la aplicaci\u00f3n adem\u00e1s lleva a cabo una medici\u00f3n del desarrollo de las tareas para poder medir y mejorar el rendimiento del usuario.<\/p>\n<\/div>\n<\/div>\n\n\n\n<div class=\"wp-block-group has-mono-4-background-color has-background has-global-padding is-layout-constrained wp-container-core-group-is-layout-fd644edd wp-block-group-is-layout-constrained\" style=\"margin-top:var(--wp--preset--spacing--superbspacing-small);margin-bottom:var(--wp--preset--spacing--superbspacing-small);padding-top:var(--wp--preset--spacing--superbspacing-small);padding-right:var(--wp--preset--spacing--superbspacing-medium);padding-bottom:var(--wp--preset--spacing--superbspacing-small);padding-left:var(--wp--preset--spacing--superbspacing-medium)\">\n<h1 class=\"wp-block-heading has-text-align-left has-mono-1-color has-text-color has-link-color has-superbfont-large-font-size\">S4GAME<\/h1>\n\n\n\n<figure class=\"wp-block-image aligncenter size-full is-resized\"><a href=\"https:\/\/viralstudios.es\/wp-content\/uploads\/2025\/06\/S4GAME.jpg\"><img loading=\"lazy\" decoding=\"async\" width=\"819\" height=\"461\" src=\"https:\/\/viralstudios.es\/wp-content\/uploads\/2025\/06\/S4GAME.jpg\" alt=\"\" class=\"wp-image-4726\" style=\"width:450px;height:auto\"\/><\/a><\/figure>\n\n\n\n<div class=\"wp-block-group is-nowrap is-layout-flex wp-container-core-group-is-layout-6c531013 wp-block-group-is-layout-flex\">\n<p class=\"has-text-align-left has-contrast-dark-color has-text-color has-superbfont-xsmall-font-size\" style=\"margin-top:var(--wp--preset--spacing--superbspacing-xxsmall);margin-bottom:0\">S4Game tiene como objetivo proporcionar a los profesionales de la salud un enfoque innovador para adquirir y desarrollar destrezas no t\u00e9cnicas para fomentar su desarrollo profesional. Su principal objetivo de aprendizaje es la adquisici\u00f3n de destrezas sociales requeridas durante la actividad en una sala de operaciones, como la comunicaci\u00f3n, el trabajo en equipo o el liderazgo.<\/p>\n<\/div>\n<\/div>\n<\/div>\n\n\n\n<div class=\"wp-block-group alignfull has-mono-4-background-color has-background has-global-padding is-layout-constrained wp-container-core-group-is-layout-c3b3325f wp-block-group-is-layout-constrained\" style=\"margin-top:0;margin-bottom:0;padding-top:var(--wp--preset--spacing--superbspacing-large);padding-right:var(--wp--preset--spacing--superbspacing-small);padding-bottom:var(--wp--preset--spacing--superbspacing-large);padding-left:var(--wp--preset--spacing--superbspacing-small)\">\n<div class=\"wp-block-group alignwide is-vertical is-content-justification-center is-layout-flex wp-container-core-group-is-layout-4c120eef wp-block-group-is-layout-flex\">\n<h2 class=\"wp-block-heading has-text-align-center has-contrast-color has-text-color has-superbfont-xlarge-font-size\">Otros Proyectos<\/h2>\n<\/div>\n\n\n\n<div class=\"wp-block-columns alignwide is-layout-flex wp-container-core-columns-is-layout-f9d87e41 wp-block-columns-is-layout-flex\">\n<div class=\"wp-block-column is-vertically-aligned-center is-layout-flow wp-container-core-column-is-layout-db2cb278 wp-block-column-is-layout-flow\">\n<figure class=\"wp-block-image aligncenter size-full has-custom-border\"><img loading=\"lazy\" decoding=\"async\" width=\"920\" height=\"653\" src=\"https:\/\/viralstudios.es\/wp-content\/uploads\/2019\/02\/canchoroano.jpg\" alt=\"\" class=\"wp-image-4329\" style=\"border-radius:8px;object-fit:cover\" srcset=\"https:\/\/viralstudios.es\/wp-content\/uploads\/2019\/02\/canchoroano.jpg 920w, https:\/\/viralstudios.es\/wp-content\/uploads\/2019\/02\/canchoroano-300x213.jpg 300w, https:\/\/viralstudios.es\/wp-content\/uploads\/2019\/02\/canchoroano-768x545.jpg 768w\" sizes=\"auto, (max-width: 920px) 100vw, 920px\" \/><\/figure>\n\n\n\n<div class=\"wp-block-group has-global-padding is-layout-constrained wp-container-core-group-is-layout-85cc789f wp-block-group-is-layout-constrained\">\n<div class=\"wp-block-group has-global-padding is-layout-constrained wp-container-core-group-is-layout-19e250f3 wp-block-group-is-layout-constrained\">\n<h3 class=\"wp-block-heading has-text-align-center has-contrast-color has-text-color has-superbfont-small-font-size\">VirtualArq<\/h3>\n\n\n\n<h3 class=\"wp-block-heading has-text-align-center has-contrast-color has-text-color has-superbfont-xsmall-font-size\" style=\"font-style:normal;font-weight:400\">Realidad Virtual Aplicada a Arqueolog\u00eda<\/h3>\n<\/div>\n\n\n\n<p class=\"has-text-align-left has-secondary-color has-text-color has-superbfont-xsmall-font-size\">Proyecto de investigaci\u00f3n orientado a buscar metodolog\u00edas correctas de realidad virtual y su capacidad de comunicar correctamente la informaci\u00f3n de proyectos arqueol\u00f3gicos y arquitect\u00f3nicos a profesionales del sector y a p\u00fablico en general.<\/p>\n<\/div>\n<\/div>\n\n\n\n<div class=\"wp-block-column is-vertically-aligned-center is-layout-flow wp-container-core-column-is-layout-db2cb278 wp-block-column-is-layout-flow\">\n<figure class=\"wp-block-image aligncenter size-full is-resized has-custom-border\"><img loading=\"lazy\" decoding=\"async\" width=\"511\" height=\"614\" src=\"https:\/\/viralstudios.es\/wp-content\/uploads\/2019\/02\/muba2.jpg\" alt=\"\" class=\"wp-image-4306\" style=\"border-radius:8px;object-fit:cover;width:241px;height:auto\" srcset=\"https:\/\/viralstudios.es\/wp-content\/uploads\/2019\/02\/muba2.jpg 511w, https:\/\/viralstudios.es\/wp-content\/uploads\/2019\/02\/muba2-250x300.jpg 250w\" sizes=\"auto, (max-width: 511px) 100vw, 511px\" \/><\/figure>\n\n\n\n<div class=\"wp-block-group has-global-padding is-layout-constrained wp-container-core-group-is-layout-85cc789f wp-block-group-is-layout-constrained\">\n<div class=\"wp-block-group has-global-padding is-layout-constrained wp-container-core-group-is-layout-19e250f3 wp-block-group-is-layout-constrained\">\n<h3 class=\"wp-block-heading has-text-align-center has-contrast-color has-text-color has-superbfont-small-font-size\">App del museo de bellas artes de Badajoz<\/h3>\n<\/div>\n\n\n\n<p class=\"has-text-align-left has-secondary-color has-text-color has-superbfont-xsmall-font-size\">Desarollo de una App, tanto en Android como en IOs, implantada en el Museo de Bellas Artes de Badajoz, que permite consultar toda la informaci\u00f3n de una obra de manera intuitiva y r\u00e1pida.<\/p>\n<\/div>\n<\/div>\n<\/div>\n<\/div>\n\n\n\n<div class=\"wp-block-group alignfull has-background has-global-padding is-layout-constrained wp-container-core-group-is-layout-bd4420c9 wp-block-group-is-layout-constrained\" style=\"background-color:#b62358;margin-top:0;margin-bottom:0;padding-top:0;padding-right:var(--wp--preset--spacing--superbspacing-small);padding-bottom:0;padding-left:var(--wp--preset--spacing--superbspacing-small)\">\n<div class=\"wp-block-columns alignwide are-vertically-aligned-top is-layout-flex wp-container-core-columns-is-layout-a5dcddb3 wp-block-columns-is-layout-flex\" style=\"border-radius:0px;border-top-color:var(--wp--preset--color--mono-3);border-top-width:1px;border-bottom-color:var(--wp--preset--color--mono-3);border-bottom-width:1px;padding-top:var(--wp--preset--spacing--superbspacing-small);padding-right:0;padding-bottom:var(--wp--preset--spacing--superbspacing-small);padding-left:0\">\n<div class=\"wp-block-column is-vertically-aligned-top is-layout-flow wp-container-core-column-is-layout-eef95d05 wp-block-column-is-layout-flow\" style=\"padding-top:0px;padding-right:0px;padding-bottom:0px;padding-left:0px\">\n<div class=\"wp-block-group has-global-padding is-layout-constrained wp-block-group-is-layout-constrained\">\n<figure class=\"wp-block-image aligncenter size-large is-resized\"><a href=\"https:\/\/viralstudios.es\/wp-content\/uploads\/2023\/12\/Logo-PRTR-vertical_COLOR.jpg\"><img loading=\"lazy\" decoding=\"async\" width=\"1024\" height=\"576\" src=\"https:\/\/viralstudios.es\/wp-content\/uploads\/2023\/12\/Logo-PRTR-vertical_COLOR-1024x576.jpg\" alt=\"\" class=\"wp-image-4682\" style=\"width:397px;height:auto\" srcset=\"https:\/\/viralstudios.es\/wp-content\/uploads\/2023\/12\/Logo-PRTR-vertical_COLOR-1024x576.jpg 1024w, https:\/\/viralstudios.es\/wp-content\/uploads\/2023\/12\/Logo-PRTR-vertical_COLOR-300x169.jpg 300w, https:\/\/viralstudios.es\/wp-content\/uploads\/2023\/12\/Logo-PRTR-vertical_COLOR-768x432.jpg 768w, https:\/\/viralstudios.es\/wp-content\/uploads\/2023\/12\/Logo-PRTR-vertical_COLOR-1536x864.jpg 1536w, https:\/\/viralstudios.es\/wp-content\/uploads\/2023\/12\/Logo-PRTR-vertical_COLOR-1200x675.jpg 1200w, https:\/\/viralstudios.es\/wp-content\/uploads\/2023\/12\/Logo-PRTR-vertical_COLOR.jpg 1920w\" sizes=\"auto, (max-width: 1024px) 100vw, 1024px\" \/><\/a><\/figure>\n\n\n\n<div class=\"wp-block-group is-content-justification-center is-nowrap is-layout-flex wp-container-core-group-is-layout-cf23231e wp-block-group-is-layout-flex\">\n<figure class=\"wp-block-image size-full is-resized\"><a href=\"https:\/\/viralstudios.es\/wp-content\/uploads\/2018\/02\/camara-badajoz.png\"><img loading=\"lazy\" decoding=\"async\" width=\"341\" height=\"148\" src=\"https:\/\/viralstudios.es\/wp-content\/uploads\/2018\/02\/camara-badajoz.png\" alt=\"\" class=\"wp-image-3445\" style=\"width:400px;height:auto\" srcset=\"https:\/\/viralstudios.es\/wp-content\/uploads\/2018\/02\/camara-badajoz.png 341w, https:\/\/viralstudios.es\/wp-content\/uploads\/2018\/02\/camara-badajoz-300x130.png 300w\" sizes=\"auto, (max-width: 341px) 100vw, 341px\" \/><\/a><\/figure>\n<\/div>\n\n\n\n<figure class=\"wp-block-image size-full\" style=\"margin-top:var(--wp--preset--spacing--superbspacing-xxsmall);margin-right:var(--wp--preset--spacing--superbspacing-xxsmall);margin-bottom:var(--wp--preset--spacing--superbspacing-xxsmall);margin-left:var(--wp--preset--spacing--superbspacing-xxsmall)\"><a href=\"https:\/\/viralstudios.es\/wp-content\/uploads\/2025\/12\/mcul-gob-web.jpg\"><img loading=\"lazy\" decoding=\"async\" width=\"3723\" height=\"1070\" src=\"https:\/\/viralstudios.es\/wp-content\/uploads\/2025\/12\/mcul-gob-web.jpg\" alt=\"\" class=\"wp-image-4831\"\/><\/a><\/figure>\n<\/div>\n<\/div>\n\n\n\n<div class=\"wp-block-column is-layout-flow wp-block-column-is-layout-flow\">\n<figure class=\"wp-block-image aligncenter size-full is-resized\"><a href=\"https:\/\/viralstudios.es\/wp-content\/uploads\/2021\/08\/1.jpg\"><img loading=\"lazy\" decoding=\"async\" width=\"389\" height=\"145\" src=\"https:\/\/viralstudios.es\/wp-content\/uploads\/2021\/08\/1.jpg\" alt=\"\" class=\"wp-image-4581\" style=\"width:416px;height:auto\" srcset=\"https:\/\/viralstudios.es\/wp-content\/uploads\/2021\/08\/1.jpg 389w, https:\/\/viralstudios.es\/wp-content\/uploads\/2021\/08\/1-300x112.jpg 300w\" sizes=\"auto, (max-width: 389px) 100vw, 389px\" \/><\/a><\/figure>\n\n\n\n<figure class=\"wp-block-image aligncenter size-full is-resized\"><a href=\"https:\/\/viralstudios.es\/wp-content\/uploads\/2018\/02\/Captura.png\"><img loading=\"lazy\" decoding=\"async\" width=\"1120\" height=\"752\" src=\"https:\/\/viralstudios.es\/wp-content\/uploads\/2018\/02\/Captura.png\" alt=\"\" class=\"wp-image-3452\" style=\"width:417px;height:auto\" srcset=\"https:\/\/viralstudios.es\/wp-content\/uploads\/2018\/02\/Captura.png 1120w, https:\/\/viralstudios.es\/wp-content\/uploads\/2018\/02\/Captura-300x201.png 300w, https:\/\/viralstudios.es\/wp-content\/uploads\/2018\/02\/Captura-768x516.png 768w, https:\/\/viralstudios.es\/wp-content\/uploads\/2018\/02\/Captura-1024x688.png 1024w\" sizes=\"auto, (max-width: 1120px) 100vw, 1120px\" \/><\/a><\/figure>\n<\/div>\n<\/div>\n<\/div>\n","protected":false},"excerpt":{"rendered":"<p>Somos VIRAL STUDIOS Viral Studios es una empresa innovadora con 8 a\u00f1os de experiencia especializada en el desarrollo de videojuegos, realidad virtual, aumentada y serious games. Servicios \u00bfQu\u00e9 hacemos? Nos dedicamos al desarrollo integral de videojuegos y experiencias interactivas y ofrecemos servicios de outsourcing en arte y programaci\u00f3n Game Development Creamos videojuegos desde su concepci\u00f3n [&hellip;]<\/p>\n","protected":false},"author":1,"featured_media":0,"parent":0,"menu_order":0,"comment_status":"closed","ping_status":"closed","template":"","meta":{"footnotes":""},"class_list":["post-4716","page","type-page","status-publish","hentry"],"_links":{"self":[{"href":"https:\/\/viralstudios.es\/init\/wp-json\/wp\/v2\/pages\/4716","targetHints":{"allow":["GET"]}}],"collection":[{"href":"https:\/\/viralstudios.es\/init\/wp-json\/wp\/v2\/pages"}],"about":[{"href":"https:\/\/viralstudios.es\/init\/wp-json\/wp\/v2\/types\/page"}],"author":[{"embeddable":true,"href":"https:\/\/viralstudios.es\/init\/wp-json\/wp\/v2\/users\/1"}],"replies":[{"embeddable":true,"href":"https:\/\/viralstudios.es\/init\/wp-json\/wp\/v2\/comments?post=4716"}],"version-history":[{"count":20,"href":"https:\/\/viralstudios.es\/init\/wp-json\/wp\/v2\/pages\/4716\/revisions"}],"predecessor-version":[{"id":4848,"href":"https:\/\/viralstudios.es\/init\/wp-json\/wp\/v2\/pages\/4716\/revisions\/4848"}],"wp:attachment":[{"href":"https:\/\/viralstudios.es\/init\/wp-json\/wp\/v2\/media?parent=4716"}],"curies":[{"name":"wp","href":"https:\/\/api.w.org\/{rel}","templated":true}]}}